{"id":60,"date":"2025-08-08T13:53:41","date_gmt":"2025-08-08T13:53:41","guid":{"rendered":"https:\/\/www.janissaarenkahvio.fi\/?page_id=60"},"modified":"2026-04-10T08:36:44","modified_gmt":"2026-04-10T08:36:44","slug":"janissaaren-kesakahvio","status":"publish","type":"page","link":"http:\/\/www.janissaarenkahvio.fi\/","title":{"rendered":"J\u00e4nissaaren Kahvio"},"content":{"rendered":"\n<p class=\"has-text-align-center\"><\/p>\n\n\n\n<div class=\"wp-block-group is-nowrap is-layout-flex wp-container-core-group-is-layout-ad2f72ca wp-block-group-is-layout-flex\">\n<p class=\"has-text-align-center has-secondary-color has-text-color has-link-color wp-elements-70cf537bff4ad9847bdf18dbec62fb1f\">J\u00e4nissaaren Kes\u00e4kahvio on idyllinen kes\u00e4keidas luonnonkauniissa ymp\u00e4rist\u00f6ss\u00e4, aivan veden \u00e4\u00e4rell\u00e4. Tarjoamme tuoretta kahvia, erilaisia makeita ja kevyit\u00e4 suolaisia \u2013 kaikki rakkaudella valmistettua ja N\u00e4sij\u00e4rven hengess\u00e4. Meill\u00e4 voit nauttia kiireett\u00f6m\u00e4st\u00e4 hetkest\u00e4, seurata laineiden liplatusta ja ihailla j\u00e4rvimaisemaa joko aurinkoisella terassillamme tai tunnelmallisen kahvilan suojassa.<\/p>\n<\/div>\n\n\n\n<p class=\"has-text-align-center has-secondary-color has-text-color has-link-color wp-elements-c8842c01fa79377035ee07bc822c8bbd\"><\/p>\n\n\n\n<p class=\"has-text-align-center has-secondary-color has-text-color has-link-color wp-elements-3b5e5e55f19d18146c19a3082d9d314a\">Kes\u00e4kahviomme palvelee sek\u00e4 veneilij\u00f6it\u00e4 ett\u00e4 maitse saapuvia kes\u00e4vieraita \u2013 meille on helppo poiketa hetkiseksi tai viihty\u00e4 pidemp\u00e4\u00e4n. Tarjolla on my\u00f6s paikallisia tuotteita ja pieni\u00e4 yll\u00e4tyksi\u00e4 kes\u00e4p\u00e4iv\u00e4n iloksi.<\/p>\n\n\n\n<p class=\"has-text-align-center has-small-font-size\"><\/p>\n\n\n\n<p class=\"has-text-align-center has-secondary-color has-text-color has-link-color has-large-font-size wp-elements-e336cc9f7747bc57ab11b3ae8486cd76\"><strong>L\u00e4mpim\u00e4sti tervetuloa nauttimaan kes\u00e4st\u00e4!<\/strong><\/p>\n\n\n\n<figure class=\"wp-block-gallery has-nested-images columns-default is-cropped wp-block-gallery-1 is-layout-flex wp-block-gallery-is-layout-flex\">\n<figure class=\"wp-block-image size-large\"><img loading=\"lazy\" decoding=\"async\" width=\"1024\" height=\"518\" data-id=\"18\" src=\"https:\/\/www.janissaarenkahvio.fi\/wp-content\/uploads\/2025\/04\/cropped-IMG_9950-scaled-1-1024x518.jpg\" alt=\"\" class=\"wp-image-18\" srcset=\"http:\/\/www.janissaarenkahvio.fi\/wp-content\/uploads\/2025\/04\/cropped-IMG_9950-scaled-1-1024x518.jpg 1024w, http:\/\/www.janissaarenkahvio.fi\/wp-content\/uploads\/2025\/04\/cropped-IMG_9950-scaled-1-300x152.jpg 300w, http:\/\/www.janissaarenkahvio.fi\/wp-content\/uploads\/2025\/04\/cropped-IMG_9950-scaled-1-768x389.jpg 768w, http:\/\/www.janissaarenkahvio.fi\/wp-content\/uploads\/2025\/04\/cropped-IMG_9950-scaled-1-1536x778.jpg 1536w, http:\/\/www.janissaarenkahvio.fi\/wp-content\/uploads\/2025\/04\/cropped-IMG_9950-scaled-1.jpg 1920w\" sizes=\"auto, (max-width: 1024px) 100vw, 1024px\" \/><\/figure>\n<\/figure>\n\n\n\n<p><\/p>\n\n\n\n<hr class=\"wp-block-separator has-alpha-channel-opacity\"\/>\n\n\n\n<p class=\"has-text-align-center\"><\/p>\n\n\n\n<h2 class=\"wp-block-heading has-text-align-center has-secondary-color has-text-color has-link-color wp-elements-a4213a14b163e254fb5c8eb3efa11d49\">Aukioloajat<\/h2>\n\n\n\n<h4 class=\"wp-block-heading\">Kahviomme on avoinna toukokuussa 2.5.2026 alkaen seuraavasti:<\/h4>\n\n\n\n<ul class=\"wp-block-list\">\n<li>Maanantaisin 16.00-19.00<\/li>\n\n\n\n<li>Tiistaisin 16.00-19.00<\/li>\n\n\n\n<li>Keskiviikkoisin 16.00-19.00<\/li>\n\n\n\n<li>Torstaisin 14.00-19.00<\/li>\n\n\n\n<li>Perjantaisin 16.00-19.00 (<strong>8.5.2026<\/strong> on Seuralla veneiden laskup\u00e4iv\u00e4, silloin avaamme kello 10.00 ja suljemme kello 16.00)<\/li>\n\n\n\n<li>Lauantaisin 10.00-16.00<\/li>\n<\/ul>\n\n\n\n<ul class=\"wp-block-list\">\n<li>Sunnuntaisin 15.00-18.00<\/li>\n<\/ul>\n\n\n\n<p><\/p>\n\n\n\n<p>Huomaathan seuraavat poikkeustilanteet, jolloin Kahvio ei ole avoinna toukokuussa:<\/p>\n\n\n\n<ul class=\"wp-block-list\">\n<li>To 7.5. yksityistilaisuus<\/li>\n\n\n\n<li>La 9.5. yksityistilaisuus<\/li>\n\n\n\n<li>Pe-su 22.-24.5. Opti-kisat, Kahviomme viett\u00e4\u00e4 viikonloppua, mutta kahviopalveluja on tarjolla \u00c4nn\u00e4n toimesta<\/li>\n\n\n\n<li>La-su 30.\u201331.5. yksityistilaisuus<\/li>\n<\/ul>\n\n\n\n<figure class=\"wp-block-gallery has-nested-images columns-default is-cropped wp-block-gallery-2 is-layout-flex wp-block-gallery-is-layout-flex\">\n<figure class=\"wp-block-image size-large\"><img loading=\"lazy\" decoding=\"async\" width=\"500\" height=\"667\" data-id=\"228\" src=\"https:\/\/www.janissaarenkahvio.fi\/wp-content\/uploads\/2026\/04\/FF0C1C74-EBC4-4A99-B27F-B43CF7EBA1AE-pienennetty.jpg\" alt=\"\" class=\"wp-image-228\" srcset=\"http:\/\/www.janissaarenkahvio.fi\/wp-content\/uploads\/2026\/04\/FF0C1C74-EBC4-4A99-B27F-B43CF7EBA1AE-pienennetty.jpg 500w, http:\/\/www.janissaarenkahvio.fi\/wp-content\/uploads\/2026\/04\/FF0C1C74-EBC4-4A99-B27F-B43CF7EBA1AE-pienennetty-225x300.jpg 225w\" sizes=\"auto, (max-width: 500px) 100vw, 500px\" \/><\/figure>\n<\/figure>\n\n\n\n<p><\/p>\n\n\n\n<p class=\"has-secondary-color has-text-color has-link-color has-medium-font-size wp-elements-5e6cb32c40928746ce9879ade452c298\"><\/p>\n\n\n\n<div class=\"wp-block-columns is-layout-flex wp-container-core-columns-is-layout-9d6595d7 wp-block-columns-is-layout-flex\">\n<div class=\"wp-block-column is-layout-flow wp-block-column-is-layout-flow\"><\/div>\n\n\n\n<div class=\"wp-block-column is-layout-flow wp-block-column-is-layout-flow\"><\/div>\n\n\n\n<div class=\"wp-block-column is-layout-flow wp-block-column-is-layout-flow\"><\/div>\n<\/div>\n\n\n\n<hr class=\"wp-block-separator has-alpha-channel-opacity\"\/>\n\n\n\n<p class=\"has-secondary-color has-text-color has-link-color wp-elements-1029adba4d30f90d4cd5d7f9342a71cf\">Seuraa meit\u00e4 my\u00f6s somessa!<\/p>\n\n\n\n<ul class=\"wp-block-social-links has-normal-icon-size is-content-justification-left is-layout-flex wp-container-core-social-links-is-layout-fdcfc74e wp-block-social-links-is-layout-flex\"><li class=\"wp-social-link wp-social-link-facebook  wp-block-social-link\"><a rel=\"noopener nofollow\" target=\"_blank\" href=\"https:\/\/www.facebook.com\/people\/J%C3%A4nissaaren-kahvio\/61574181987536\/\" class=\"wp-block-social-link-anchor\"><svg width=\"24\" height=\"24\" viewBox=\"0 0 24 24\" version=\"1.1\" xmlns=\"http:\/\/www.w3.org\/2000\/svg\" aria-hidden=\"true\" focusable=\"false\"><path d=\"M12 2C6.5 2 2 6.5 2 12c0 5 3.7 9.1 8.4 9.9v-7H7.9V12h2.5V9.8c0-2.5 1.5-3.9 3.8-3.9 1.1 0 2.2.2 2.2.2v2.5h-1.3c-1.2 0-1.6.8-1.6 1.6V12h2.8l-.4 2.9h-2.3v7C18.3 21.1 22 17 22 12c0-5.5-4.5-10-10-10z\"><\/path><\/svg><span class=\"wp-block-social-link-label screen-reader-text\">Facebook<\/span><\/a><\/li>\n\n<li class=\"wp-social-link wp-social-link-instagram  wp-block-social-link\"><a rel=\"noopener nofollow\" target=\"_blank\" href=\"https:\/\/www.instagram.com\/janissaaren_kahvio\/\" class=\"wp-block-social-link-anchor\"><svg width=\"24\" height=\"24\" viewBox=\"0 0 24 24\" version=\"1.1\" xmlns=\"http:\/\/www.w3.org\/2000\/svg\" aria-hidden=\"true\" focusable=\"false\"><path d=\"M12,4.622c2.403,0,2.688,0.009,3.637,0.052c0.877,0.04,1.354,0.187,1.671,0.31c0.42,0.163,0.72,0.358,1.035,0.673 c0.315,0.315,0.51,0.615,0.673,1.035c0.123,0.317,0.27,0.794,0.31,1.671c0.043,0.949,0.052,1.234,0.052,3.637 s-0.009,2.688-0.052,3.637c-0.04,0.877-0.187,1.354-0.31,1.671c-0.163,0.42-0.358,0.72-0.673,1.035 c-0.315,0.315-0.615,0.51-1.035,0.673c-0.317,0.123-0.794,0.27-1.671,0.31c-0.949,0.043-1.233,0.052-3.637,0.052 s-2.688-0.009-3.637-0.052c-0.877-0.04-1.354-0.187-1.671-0.31c-0.42-0.163-0.72-0.358-1.035-0.673 c-0.315-0.315-0.51-0.615-0.673-1.035c-0.123-0.317-0.27-0.794-0.31-1.671C4.631,14.688,4.622,14.403,4.622,12 s0.009-2.688,0.052-3.637c0.04-0.877,0.187-1.354,0.31-1.671c0.163-0.42,0.358-0.72,0.673-1.035 c0.315-0.315,0.615-0.51,1.035-0.673c0.317-0.123,0.794-0.27,1.671-0.31C9.312,4.631,9.597,4.622,12,4.622 M12,3 C9.556,3,9.249,3.01,8.289,3.054C7.331,3.098,6.677,3.25,6.105,3.472C5.513,3.702,5.011,4.01,4.511,4.511 c-0.5,0.5-0.808,1.002-1.038,1.594C3.25,6.677,3.098,7.331,3.054,8.289C3.01,9.249,3,9.556,3,12c0,2.444,0.01,2.751,0.054,3.711 c0.044,0.958,0.196,1.612,0.418,2.185c0.23,0.592,0.538,1.094,1.038,1.594c0.5,0.5,1.002,0.808,1.594,1.038 c0.572,0.222,1.227,0.375,2.185,0.418C9.249,20.99,9.556,21,12,21s2.751-0.01,3.711-0.054c0.958-0.044,1.612-0.196,2.185-0.418 c0.592-0.23,1.094-0.538,1.594-1.038c0.5-0.5,0.808-1.002,1.038-1.594c0.222-0.572,0.375-1.227,0.418-2.185 C20.99,14.751,21,14.444,21,12s-0.01-2.751-0.054-3.711c-0.044-0.958-0.196-1.612-0.418-2.185c-0.23-0.592-0.538-1.094-1.038-1.594 c-0.5-0.5-1.002-0.808-1.594-1.038c-0.572-0.222-1.227-0.375-2.185-0.418C14.751,3.01,14.444,3,12,3L12,3z M12,7.378 c-2.552,0-4.622,2.069-4.622,4.622S9.448,16.622,12,16.622s4.622-2.069,4.622-4.622S14.552,7.378,12,7.378z M12,15 c-1.657,0-3-1.343-3-3s1.343-3,3-3s3,1.343,3,3S13.657,15,12,15z M16.804,6.116c-0.596,0-1.08,0.484-1.08,1.08 s0.484,1.08,1.08,1.08c0.596,0,1.08-0.484,1.08-1.08S17.401,6.116,16.804,6.116z\"><\/path><\/svg><span class=\"wp-block-social-link-label screen-reader-text\">Instagram<\/span><\/a><\/li><\/ul>\n\n\n\n<p><\/p>\n","protected":false},"excerpt":{"rendered":"<p>J\u00e4nissaaren Kes\u00e4kahvio on idyllinen kes\u00e4keidas luonnonkauniissa ymp\u00e4rist\u00f6ss\u00e4, aivan veden \u00e4\u00e4rell\u00e4. Tarjoamme tuoretta kahvia, erilaisia makeita ja kevyit\u00e4 suolaisia \u2013 kaikki rakkaudella valmistettua ja N\u00e4sij\u00e4rven hengess\u00e4. Meill\u00e4 voit nauttia kiireett\u00f6m\u00e4st\u00e4 hetkest\u00e4, seurata laineiden liplatusta ja ihailla j\u00e4rvimaisemaa joko aurinkoisella terassillamme tai tunnelmallisen kahvilan suojassa. Kes\u00e4kahviomme palvelee sek\u00e4 veneilij\u00f6it\u00e4 ett\u00e4 maitse saapuvia kes\u00e4vieraita \u2013 meille on helppo [&hellip;]<\/p>\n","protected":false},"author":2,"featured_media":170,"parent":0,"menu_order":0,"comment_status":"closed","ping_status":"closed","template":"","meta":{"hide_page_title":"","footnotes":""},"class_list":["post-60","page","type-page","status-publish","has-post-thumbnail","hentry"],"_links":{"self":[{"href":"http:\/\/www.janissaarenkahvio.fi\/index.php\/wp-json\/wp\/v2\/pages\/60","targetHints":{"allow":["GET"]}}],"collection":[{"href":"http:\/\/www.janissaarenkahvio.fi\/index.php\/wp-json\/wp\/v2\/pages"}],"about":[{"href":"http:\/\/www.janissaarenkahvio.fi\/index.php\/wp-json\/wp\/v2\/types\/page"}],"author":[{"embeddable":true,"href":"http:\/\/www.janissaarenkahvio.fi\/index.php\/wp-json\/wp\/v2\/users\/2"}],"replies":[{"embeddable":true,"href":"http:\/\/www.janissaarenkahvio.fi\/index.php\/wp-json\/wp\/v2\/comments?post=60"}],"version-history":[{"count":34,"href":"http:\/\/www.janissaarenkahvio.fi\/index.php\/wp-json\/wp\/v2\/pages\/60\/revisions"}],"predecessor-version":[{"id":229,"href":"http:\/\/www.janissaarenkahvio.fi\/index.php\/wp-json\/wp\/v2\/pages\/60\/revisions\/229"}],"wp:featuredmedia":[{"embeddable":true,"href":"http:\/\/www.janissaarenkahvio.fi\/index.php\/wp-json\/wp\/v2\/media\/170"}],"wp:attachment":[{"href":"http:\/\/www.janissaarenkahvio.fi\/index.php\/wp-json\/wp\/v2\/media?parent=60"}],"curies":[{"name":"wp","href":"https:\/\/api.w.org\/{rel}","templated":true}]}}