{"id":50,"date":"2025-04-20T11:50:23","date_gmt":"2025-04-20T11:50:23","guid":{"rendered":"https:\/\/www.janissaarenkahvio.fi\/?page_id=50"},"modified":"2025-04-28T13:12:19","modified_gmt":"2025-04-28T13:12:19","slug":"meille-on-helppo-tulla","status":"publish","type":"page","link":"http:\/\/www.janissaarenkahvio.fi\/index.php\/janissaaren-kesakahvio\/meille-on-helppo-tulla\/","title":{"rendered":"Meille on helppo tulla"},"content":{"rendered":"\n<p class=\"has-text-align-center has-secondary-color has-text-color has-link-color wp-elements-f3ee7c1fcc83cd8d06c339a06c44bd3d\">Kahviomme sijaitsee N\u00e4sij\u00e4rven rantamailla J\u00e4nissaaressa, N\u00e4sij\u00e4rven Purjehdusseuran Paviljongissa, Lent\u00e4v\u00e4nniemen vieress\u00e4 aivan Lent\u00e4v\u00e4n- ja Reuharinnieme\u00e4 kiert\u00e4v\u00e4n lenkkipolun varressa.<\/p>\n\n\n\n<p class=\"has-text-align-center has-secondary-color has-text-color has-link-color wp-elements-ff5ee2043b7fcdc567ecaf7b9d30d15d\">Ratikka numero 1 tuo kaupungista 500 metrin p\u00e4\u00e4h\u00e4n, josta k\u00e4vellen on muutaman minuutin matka J\u00e4nissaarentien p\u00e4\u00e4h\u00e4n Saareen ja Kahvioomme. Autoja varten on ilmainen pys\u00e4k\u00f6inti mantereen puolella aivan J\u00e4nissaaren portin vieress\u00e4. \u00c4nn\u00e4n laiturissa on puolestaan vierasvenepaikkoja B-laiturissa.<\/p>\n\n\n\n<hr class=\"wp-block-separator has-alpha-channel-opacity\"\/>\n\n\n\n<div class=\"wp-block-columns is-layout-flex wp-container-core-columns-is-layout-9d6595d7 wp-block-columns-is-layout-flex\">\n<div class=\"wp-block-column is-vertically-aligned-center is-layout-flow wp-block-column-is-layout-flow\" style=\"flex-basis:66.66%\">\n<iframe src=\"https:\/\/www.google.com\/maps\/embed?pb=!1m18!1m12!1m3!1d1901.8294144576826!2d23.715931476910878!3d61.53181627575493!2m3!1f0!2f0!3f0!3m2!1i1024!2i768!4f13.1!3m3!1m2!1s0x468f277426266e2f%3A0x8ea085e636cb8053!2sJ%C3%A4nissaarenkatu%2014%2C%2033410%20Tampere!5e0!3m2!1sfi!2sfi!4v1745838655841!5m2!1sfi!2sfi\" width=\"600\" height=\"450\" style=\"border:0;\" allowfullscreen=\"\" loading=\"lazy\" referrerpolicy=\"no-referrer-when-downgrade\"><\/iframe>\n<\/div>\n<\/div>\n\n\n\n<p><\/p>\n","protected":false},"excerpt":{"rendered":"<p>Kahviomme sijaitsee N\u00e4sij\u00e4rven rantamailla J\u00e4nissaaressa, N\u00e4sij\u00e4rven Purjehdusseuran Paviljongissa, Lent\u00e4v\u00e4nniemen vieress\u00e4 aivan Lent\u00e4v\u00e4n- ja Reuharinnieme\u00e4 kiert\u00e4v\u00e4n lenkkipolun varressa. Ratikka numero 1 tuo kaupungista 500 metrin p\u00e4\u00e4h\u00e4n, josta k\u00e4vellen on muutaman minuutin matka J\u00e4nissaarentien p\u00e4\u00e4h\u00e4n Saareen ja Kahvioomme. Autoja varten on ilmainen pys\u00e4k\u00f6inti mantereen puolella aivan J\u00e4nissaaren portin vieress\u00e4. \u00c4nn\u00e4n laiturissa on puolestaan vierasvenepaikkoja B-laiturissa.<\/p>\n","protected":false},"author":1,"featured_media":0,"parent":60,"menu_order":0,"comment_status":"closed","ping_status":"closed","template":"","meta":{"hide_page_title":"","footnotes":""},"class_list":["post-50","page","type-page","status-publish","hentry"],"_links":{"self":[{"href":"http:\/\/www.janissaarenkahvio.fi\/index.php\/wp-json\/wp\/v2\/pages\/50","targetHints":{"allow":["GET"]}}],"collection":[{"href":"http:\/\/www.janissaarenkahvio.fi\/index.php\/wp-json\/wp\/v2\/pages"}],"about":[{"href":"http:\/\/www.janissaarenkahvio.fi\/index.php\/wp-json\/wp\/v2\/types\/page"}],"author":[{"embeddable":true,"href":"http:\/\/www.janissaarenkahvio.fi\/index.php\/wp-json\/wp\/v2\/users\/1"}],"replies":[{"embeddable":true,"href":"http:\/\/www.janissaarenkahvio.fi\/index.php\/wp-json\/wp\/v2\/comments?post=50"}],"version-history":[{"count":16,"href":"http:\/\/www.janissaarenkahvio.fi\/index.php\/wp-json\/wp\/v2\/pages\/50\/revisions"}],"predecessor-version":[{"id":169,"href":"http:\/\/www.janissaarenkahvio.fi\/index.php\/wp-json\/wp\/v2\/pages\/50\/revisions\/169"}],"up":[{"embeddable":true,"href":"http:\/\/www.janissaarenkahvio.fi\/index.php\/wp-json\/wp\/v2\/pages\/60"}],"wp:attachment":[{"href":"http:\/\/www.janissaarenkahvio.fi\/index.php\/wp-json\/wp\/v2\/media?parent=50"}],"curies":[{"name":"wp","href":"https:\/\/api.w.org\/{rel}","templated":true}]}}