{"id":42,"date":"2025-08-08T12:42:00","date_gmt":"2025-08-08T12:42:00","guid":{"rendered":"https:\/\/www.janissaarenkahvio.fi\/?page_id=42"},"modified":"2026-04-10T07:27:51","modified_gmt":"2026-04-10T07:27:51","slug":"aukioloajat","status":"publish","type":"page","link":"http:\/\/www.janissaarenkahvio.fi\/index.php\/janissaaren-kesakahvio\/aukioloajat\/","title":{"rendered":"Aukioloajat"},"content":{"rendered":"\n<h3 class=\"wp-block-heading\"><strong>Avaamme kahvion kes\u00e4kauden lauantaina 2.5.2026 kello 10.00.<\/strong><\/h3>\n\n\n\n<p><\/p>\n\n\n\n<p class=\"has-secondary-color has-text-color has-link-color wp-elements-49f9edbfa709354e1322aa9107f69244\">Kahvio palvelee teit\u00e4 toukokuussa p\u00e4ivitt\u00e4in. Poikkeuksen tekev\u00e4t ne viikonloput, jolloin J\u00e4nissaaressa on yksityistilaisuus.<\/p>\n\n\n\n<p><\/p>\n\n\n\n<h3 class=\"wp-block-heading has-secondary-color has-text-color has-link-color has-large-font-size wp-elements-db9beb56f6e9578ab9832216d7047dda\"><strong>Kahvio on avoinna toukokuussa:<\/strong><\/h3>\n\n\n\n<ul class=\"wp-block-list\">\n<li>Maanantaisin 16.00-19.00<\/li>\n\n\n\n<li class=\"has-secondary-color has-text-color has-link-color wp-elements-5b4d0c1231621093cafa4b9ba5bea5db\">Tiistaisin 16.00-19.00<\/li>\n\n\n\n<li class=\"has-secondary-color has-text-color has-link-color wp-elements-93e8a7c6719dcfe7ce97aa479d2e990d\">Keskiviikkoisin 16.00-19.00<\/li>\n\n\n\n<li class=\"has-secondary-color has-text-color has-link-color wp-elements-65777263116fa5c979d4500b5a92cb45\">Torstaisin 14.00-19.00<\/li>\n\n\n\n<li>Perjantaisin 16.00-19.00 (<strong>8.5.2026<\/strong> avaamme kello 10.00 ja suljemme kello 16.00)<\/li>\n\n\n\n<li>Lauantaisin 10.00-16.00<\/li>\n\n\n\n<li>Sunnuntaisin  15.00-18.00<\/li>\n<\/ul>\n\n\n\n<p>Huomaathan seuraavat poikkeustilanteet, jolloin Kahvio ei ole avoinna toukokuussa:<\/p>\n\n\n\n<ul class=\"wp-block-list\">\n<li>To 7.5. yksityistilaisuus<\/li>\n\n\n\n<li>La 9.5. yksityistilaisuus<\/li>\n\n\n\n<li>Pe-su 22.-24.5. Opti-kisat<\/li>\n\n\n\n<li>La-su 30.\u201331.5. yksityistilaisuus<\/li>\n<\/ul>\n\n\n\n<p><\/p>\n","protected":false},"excerpt":{"rendered":"<p>Avaamme kahvion kes\u00e4kauden lauantaina 2.5.2026 kello 10.00. Kahvio palvelee teit\u00e4 toukokuussa p\u00e4ivitt\u00e4in. Poikkeuksen tekev\u00e4t ne viikonloput, jolloin J\u00e4nissaaressa on yksityistilaisuus. Kahvio on avoinna toukokuussa: Huomaathan seuraavat poikkeustilanteet, jolloin Kahvio ei ole avoinna toukokuussa:<\/p>\n","protected":false},"author":1,"featured_media":43,"parent":60,"menu_order":0,"comment_status":"closed","ping_status":"closed","template":"","meta":{"hide_page_title":"","footnotes":""},"class_list":["post-42","page","type-page","status-publish","has-post-thumbnail","hentry"],"_links":{"self":[{"href":"http:\/\/www.janissaarenkahvio.fi\/index.php\/wp-json\/wp\/v2\/pages\/42","targetHints":{"allow":["GET"]}}],"collection":[{"href":"http:\/\/www.janissaarenkahvio.fi\/index.php\/wp-json\/wp\/v2\/pages"}],"about":[{"href":"http:\/\/www.janissaarenkahvio.fi\/index.php\/wp-json\/wp\/v2\/types\/page"}],"author":[{"embeddable":true,"href":"http:\/\/www.janissaarenkahvio.fi\/index.php\/wp-json\/wp\/v2\/users\/1"}],"replies":[{"embeddable":true,"href":"http:\/\/www.janissaarenkahvio.fi\/index.php\/wp-json\/wp\/v2\/comments?post=42"}],"version-history":[{"count":15,"href":"http:\/\/www.janissaarenkahvio.fi\/index.php\/wp-json\/wp\/v2\/pages\/42\/revisions"}],"predecessor-version":[{"id":211,"href":"http:\/\/www.janissaarenkahvio.fi\/index.php\/wp-json\/wp\/v2\/pages\/42\/revisions\/211"}],"up":[{"embeddable":true,"href":"http:\/\/www.janissaarenkahvio.fi\/index.php\/wp-json\/wp\/v2\/pages\/60"}],"wp:featuredmedia":[{"embeddable":true,"href":"http:\/\/www.janissaarenkahvio.fi\/index.php\/wp-json\/wp\/v2\/media\/43"}],"wp:attachment":[{"href":"http:\/\/www.janissaarenkahvio.fi\/index.php\/wp-json\/wp\/v2\/media?parent=42"}],"curies":[{"name":"wp","href":"https:\/\/api.w.org\/{rel}","templated":true}]}}